{"id":1522,"date":"2022-05-24T08:33:15","date_gmt":"2022-05-24T08:33:15","guid":{"rendered":"http:\/\/ilgiardinodiballaro.it\/bed-and-breakfast-palermo-stazione.html"},"modified":"2023-01-10T08:49:28","modified_gmt":"2023-01-10T08:49:28","slug":"bed-and-breakfast-palermo-stazione","status":"publish","type":"page","link":"https:\/\/www.ilgiardinodiballaro.it\/en\/bed-and-breakfast-palermo-stazione.html","title":{"rendered":"Vicino la Stazione"},"content":{"rendered":"\t\t<div data-elementor-type=\"wp-page\" data-elementor-id=\"1522\" class=\"elementor elementor-1522 elementor-50\" data-elementor-post-type=\"page\">\n\t\t\t\t\t\t<section class=\"elementor-section elementor-top-section elementor-element elementor-element-6539905f elementor-section-boxed elementor-section-height-default elementor-section-height-default\" data-id=\"6539905f\" data-element_type=\"section\" data-settings=\"{&quot;background_background&quot;:&quot;classic&quot;}\">\n\t\t\t\t\t\t<div class=\"elementor-container elementor-column-gap-default\">\n\t\t\t\t\t<div class=\"elementor-column elementor-col-100 elementor-top-column elementor-element elementor-element-2dec9c4f\" data-id=\"2dec9c4f\" data-element_type=\"column\">\n\t\t\t<div class=\"elementor-widget-wrap elementor-element-populated\">\n\t\t\t\t\t\t<div class=\"elementor-element elementor-element-4bbe852c elementor-widget elementor-widget-heading\" data-id=\"4bbe852c\" data-element_type=\"widget\" data-widget_type=\"heading.default\">\n\t\t\t\t<div class=\"elementor-widget-container\">\n\t\t\t\t\t<h1 class=\"elementor-heading-title elementor-size-default\">B&amp;B near Palermo\u2019s central station <br \/> Il Giardino di Ballar\u00f2<\/h1>\t\t\t\t<\/div>\n\t\t\t\t<\/div>\n\t\t\t\t\t<\/div>\n\t\t<\/div>\n\t\t\t\t\t<\/div>\n\t\t<\/section>\n\t\t\t\t<section class=\"elementor-section elementor-top-section elementor-element elementor-element-49d8c362 elementor-section-boxed elementor-section-height-default elementor-section-height-default\" data-id=\"49d8c362\" data-element_type=\"section\">\n\t\t\t\t\t\t<div class=\"elementor-container elementor-column-gap-default\">\n\t\t\t\t\t<div class=\"elementor-column elementor-col-100 elementor-top-column elementor-element elementor-element-9301ddc\" data-id=\"9301ddc\" data-element_type=\"column\">\n\t\t\t<div class=\"elementor-widget-wrap elementor-element-populated\">\n\t\t\t\t\t\t<div class=\"elementor-element elementor-element-422cb913 elementor-widget elementor-widget-heading\" data-id=\"422cb913\" data-element_type=\"widget\" data-widget_type=\"heading.default\">\n\t\t\t\t<div class=\"elementor-widget-container\">\n\t\t\t\t\t<h2 class=\"elementor-heading-title elementor-size-default\">Book directly through our website to use the best available rate<\/h2>\t\t\t\t<\/div>\n\t\t\t\t<\/div>\n\t\t\t\t\t<\/div>\n\t\t<\/div>\n\t\t\t\t\t<\/div>\n\t\t<\/section>\n\t\t\t\t<section class=\"elementor-section elementor-top-section elementor-element elementor-element-51adf2f8 elementor-section-boxed elementor-section-height-default elementor-section-height-default\" data-id=\"51adf2f8\" data-element_type=\"section\">\n\t\t\t\t\t\t<div class=\"elementor-container elementor-column-gap-default\">\n\t\t\t\t\t<div class=\"elementor-column elementor-col-100 elementor-top-column elementor-element elementor-element-53d912\" data-id=\"53d912\" data-element_type=\"column\">\n\t\t\t<div class=\"elementor-widget-wrap elementor-element-populated\">\n\t\t\t\t\t\t<div class=\"elementor-element elementor-element-64f4a3a elementor-widget elementor-widget-html\" data-id=\"64f4a3a\" data-element_type=\"widget\" data-widget_type=\"html.default\">\n\t\t\t\t<div class=\"elementor-widget-container\">\n\t\t\t\t\t<div id=\"my_bbar\"> <\/div>\t\t\t\t<\/div>\n\t\t\t\t<\/div>\n\t\t\t\t\t<\/div>\n\t\t<\/div>\n\t\t\t\t\t<\/div>\n\t\t<\/section>\n\t\t\t\t<section class=\"elementor-section elementor-top-section elementor-element elementor-element-213467db elementor-section-full_width elementor-section-height-default elementor-section-height-default\" data-id=\"213467db\" data-element_type=\"section\">\n\t\t\t\t\t\t<div class=\"elementor-container elementor-column-gap-default\">\n\t\t\t\t\t<div class=\"elementor-column elementor-col-100 elementor-top-column elementor-element elementor-element-47e25230\" data-id=\"47e25230\" data-element_type=\"column\">\n\t\t\t<div class=\"elementor-widget-wrap elementor-element-populated\">\n\t\t\t\t\t\t<div class=\"elementor-element elementor-element-a92f3c5 elementor-widget elementor-widget-image\" data-id=\"a92f3c5\" data-element_type=\"widget\" data-widget_type=\"image.default\">\n\t\t\t\t<div class=\"elementor-widget-container\">\n\t\t\t\t\t\t\t\t\t\t\t\t\t\t\t<img fetchpriority=\"high\" decoding=\"async\" width=\"1920\" height=\"983\" src=\"https:\/\/www.ilgiardinodiballaro.it\/wp-content\/uploads\/2022\/11\/01-vicino-stazione-1920.jpg\" class=\"attachment-full size-full wp-image-1555\" alt=\"\" srcset=\"https:\/\/www.ilgiardinodiballaro.it\/wp-content\/uploads\/2022\/11\/01-vicino-stazione-1920.jpg 1920w, https:\/\/www.ilgiardinodiballaro.it\/wp-content\/uploads\/2022\/11\/01-vicino-stazione-1920-300x154.jpg 300w, https:\/\/www.ilgiardinodiballaro.it\/wp-content\/uploads\/2022\/11\/01-vicino-stazione-1920-1024x524.jpg 1024w, https:\/\/www.ilgiardinodiballaro.it\/wp-content\/uploads\/2022\/11\/01-vicino-stazione-1920-768x393.jpg 768w, https:\/\/www.ilgiardinodiballaro.it\/wp-content\/uploads\/2022\/11\/01-vicino-stazione-1920-1536x786.jpg 1536w\" sizes=\"(max-width: 1920px) 100vw, 1920px\" \/>\t\t\t\t\t\t\t\t\t\t\t\t\t\t\t<\/div>\n\t\t\t\t<\/div>\n\t\t\t\t\t<\/div>\n\t\t<\/div>\n\t\t\t\t\t<\/div>\n\t\t<\/section>\n\t\t\t\t<section class=\"elementor-section elementor-top-section elementor-element elementor-element-40901855 elementor-section-boxed elementor-section-height-default elementor-section-height-default\" data-id=\"40901855\" data-element_type=\"section\">\n\t\t\t\t\t\t<div class=\"elementor-container elementor-column-gap-default\">\n\t\t\t\t\t<div class=\"elementor-column elementor-col-100 elementor-top-column elementor-element elementor-element-366d2937\" data-id=\"366d2937\" data-element_type=\"column\">\n\t\t\t<div class=\"elementor-widget-wrap elementor-element-populated\">\n\t\t\t\t\t\t<div class=\"elementor-element elementor-element-73c27197 elementor-widget elementor-widget-heading\" data-id=\"73c27197\" data-element_type=\"widget\" data-widget_type=\"heading.default\">\n\t\t\t\t<div class=\"elementor-widget-container\">\n\t\t\t\t\t<h2 class=\"elementor-heading-title elementor-size-default\">B&amp;B near Palermo\u2019s central station<\/h2>\t\t\t\t<\/div>\n\t\t\t\t<\/div>\n\t\t\t\t<div class=\"elementor-element elementor-element-51c70ae2 elementor-widget elementor-widget-text-editor\" data-id=\"51c70ae2\" data-element_type=\"widget\" data-widget_type=\"text-editor.default\">\n\t\t\t\t<div class=\"elementor-widget-container\">\n\t\t\t\t\t\t\t\t\t<p>If you are on this page, you are almost certainly looking for a b&amp;b in Palermo near the central station. Il Giardino di Ballar\u00f2 is only a few minutes from the Palermo train station.<\/p><p>You are probably a tourist who has decided to visit Palermo and nearby locations without the help of a car. You need to use the train or reach the central station to take advantage of the extra-urban buses to go to Cefal\u00f9, Mondello, Bagheria, Monreale, etc.. Thanks to the location of the bed and breakfast, you can reach Palermo Central Station in just 12 minutes walking, a few minutes less if you use the bus.<\/p><p>The bed and breakfast Il Giardino di Ballar\u00f2 is an excellent choice for all those who want to visit Palermo and other nearby places, taking advantage of public transportation such as trains and buses. Connections to Cefal\u00f9, Monreale, Mondello and all other places of tourist interest in the surrounding area are well served.<\/p><p>The Central Station is the terminal station of many AMAT bus lines, and in the same area you&#8217;ll find many offices of travel companies that provide transport throughout Sicily and to Palermo&#8217;s &#8220;Falcone e Borsellino&#8221; Airport.<\/p>\t\t\t\t\t\t\t\t<\/div>\n\t\t\t\t<\/div>\n\t\t\t\t\t<\/div>\n\t\t<\/div>\n\t\t\t\t\t<\/div>\n\t\t<\/section>\n\t\t\t\t<section class=\"elementor-section elementor-top-section elementor-element elementor-element-12afaa17 elementor-section-boxed elementor-section-height-default elementor-section-height-default\" data-id=\"12afaa17\" data-element_type=\"section\" data-settings=\"{&quot;background_background&quot;:&quot;classic&quot;}\">\n\t\t\t\t\t\t<div class=\"elementor-container elementor-column-gap-default\">\n\t\t\t\t\t<div class=\"elementor-column elementor-col-100 elementor-top-column elementor-element elementor-element-4b734eb3\" data-id=\"4b734eb3\" data-element_type=\"column\">\n\t\t\t<div class=\"elementor-widget-wrap elementor-element-populated\">\n\t\t\t\t\t\t<div class=\"elementor-element elementor-element-4ebf0174 elementor-widget elementor-widget-heading\" data-id=\"4ebf0174\" data-element_type=\"widget\" data-widget_type=\"heading.default\">\n\t\t\t\t<div class=\"elementor-widget-container\">\n\t\t\t\t\t<h2 class=\"elementor-heading-title elementor-size-default\">Le recensioni degli ospiti<\/h2>\t\t\t\t<\/div>\n\t\t\t\t<\/div>\n\t\t\t\t<div class=\"elementor-element elementor-element-148f7af8 elementor-testimonial--align-left elementor-testimonial--skin-default elementor-testimonial--layout-image_inline elementor-arrows-yes elementor-widget elementor-widget-testimonial-carousel\" data-id=\"148f7af8\" data-element_type=\"widget\" data-settings=\"{&quot;slides_per_view&quot;:&quot;1&quot;,&quot;slides_to_scroll&quot;:&quot;1&quot;,&quot;show_arrows&quot;:&quot;yes&quot;,&quot;speed&quot;:500,&quot;autoplay&quot;:&quot;yes&quot;,&quot;autoplay_speed&quot;:5000,&quot;loop&quot;:&quot;yes&quot;,&quot;pause_on_hover&quot;:&quot;yes&quot;,&quot;pause_on_interaction&quot;:&quot;yes&quot;,&quot;space_between&quot;:{&quot;unit&quot;:&quot;px&quot;,&quot;size&quot;:10,&quot;sizes&quot;:[]},&quot;space_between_tablet&quot;:{&quot;unit&quot;:&quot;px&quot;,&quot;size&quot;:10,&quot;sizes&quot;:[]},&quot;space_between_mobile&quot;:{&quot;unit&quot;:&quot;px&quot;,&quot;size&quot;:10,&quot;sizes&quot;:[]}}\" data-widget_type=\"testimonial-carousel.default\">\n\t\t\t\t<div class=\"elementor-widget-container\">\n\t\t\t\t\t\t\t\t\t<div class=\"elementor-swiper\">\n\t\t\t\t\t<div class=\"elementor-main-swiper swiper\" role=\"region\" aria-roledescription=\"carousel\" aria-label=\"Slides\">\n\t\t\t\t<div class=\"swiper-wrapper\">\n\t\t\t\t\t\t\t\t\t\t\t<div class=\"swiper-slide\" role=\"group\" aria-roledescription=\"slide\">\n\t\t\t\t\t\t\t\t\t<div class=\"elementor-testimonial\">\n\t\t\t\t\t\t\t<div class=\"elementor-testimonial__content\">\n\t\t\t\t\t<div class=\"elementor-testimonial__text\">\n\t\t\t\t\t\t\"Se vuoi vivere Palermo\"<br\/>\nPer raggiungere la struttura passi dal mercato, dai ritrovi di una Palermo vera colorata, chiassosa, dei panni stesi e delle urla delle mamme ma apri un portone ed entri in una Palermo signorile e accogliente. La volta in tufo seicentesca introduce in un ambiente accogliente ricco di divani e mobili di antiquariato ricavati dal vecchio forno di cui sono visibili alcune tracce...\t\t\t\t\t<\/div>\n\t\t\t\t\t\t\t\t\t<\/div>\n\t\t\t\t\t\t<div class=\"elementor-testimonial__footer\">\n\t\t\t\t\t\t\t\t\t<div class=\"elementor-testimonial__image\">\n\t\t\t\t\t\t<img decoding=\"async\" src=\"http:\/\/ilgiardinodiballaro.it\/wp-content\/plugins\/elementor\/assets\/images\/placeholder.png\" alt=\"Maurizio P. | Como\">\n\t\t\t\t\t\t\t\t\t\t\t<\/div>\n\t\t\t\t\t\t\t\t<cite class=\"elementor-testimonial__cite\"><span class=\"elementor-testimonial__name\">Maurizio P. | Como<\/span><\/cite>\t\t\t<\/div>\n\t\t<\/div>\n\t\t\t\t\t\t\t\t<\/div>\n\t\t\t\t\t\t\t\t\t\t\t<div class=\"swiper-slide\" role=\"group\" aria-roledescription=\"slide\">\n\t\t\t\t\t\t\t\t\t<div class=\"elementor-testimonial\">\n\t\t\t\t\t\t\t<div class=\"elementor-testimonial__content\">\n\t\t\t\t\t<div class=\"elementor-testimonial__text\">\n\t\t\t\t\t\t\u201cSe vuoi capire Palermo, questo \u00e8 il punto di partenza\u201d<br\/>\nE' un hotel nuovo e di quel mimimal chic siciliano che fa star bene, con un piccolo ma bel giardino, delle camere molto confortevoli e una eccellente colazione. Ma il bello \u00e8 che appena mettete piede fuori dall'hotel siete a Ballar\u00f2, cio\u00e8 il quartiere pi\u00f9 nero, confusionario, quasi allucinante e quindi divertentissimo della citt\u00e0...\t\t\t\t\t<\/div>\n\t\t\t\t\t\t\t\t\t<\/div>\n\t\t\t\t\t\t<div class=\"elementor-testimonial__footer\">\n\t\t\t\t\t\t\t\t\t<div class=\"elementor-testimonial__image\">\n\t\t\t\t\t\t<img decoding=\"async\" src=\"http:\/\/ilgiardinodiballaro.it\/wp-content\/plugins\/elementor\/assets\/images\/placeholder.png\" alt=\"Francine H\u00f6nerth | Giethoorn\">\n\t\t\t\t\t\t\t\t\t\t\t<\/div>\n\t\t\t\t\t\t\t\t<cite class=\"elementor-testimonial__cite\"><span class=\"elementor-testimonial__name\">Francine H\u00f6nerth | Giethoorn<\/span><\/cite>\t\t\t<\/div>\n\t\t<\/div>\n\t\t\t\t\t\t\t\t<\/div>\n\t\t\t\t\t\t\t\t\t\t\t<div class=\"swiper-slide\" role=\"group\" aria-roledescription=\"slide\">\n\t\t\t\t\t\t\t\t\t<div class=\"elementor-testimonial\">\n\t\t\t\t\t\t\t<div class=\"elementor-testimonial__content\">\n\t\t\t\t\t<div class=\"elementor-testimonial__text\">\n\t\t\t\t\t\t\u201cUna perla nel mercato\u201d<br\/>\nA pochi metri dal mercato di Ballar\u00f2, in pieno centro, c'\u00e8 questo bellissimo b&b. Siamo stati accolti con sorriso dal personale che gestisce questa magnifica struttura. Appena arrivati ci hanno regalato una mappa di Palermo e ci hanno dato degli ottimi consigli. Quartiere vivo come solo nella zona di mercati ( di tutto il mondo ) lo \u00e8. Le stanze sono arredate con gran gusto. ottima clientela...\t\t\t\t\t<\/div>\n\t\t\t\t\t\t\t\t\t<\/div>\n\t\t\t\t\t\t<div class=\"elementor-testimonial__footer\">\n\t\t\t\t\t\t\t\t\t<div class=\"elementor-testimonial__image\">\n\t\t\t\t\t\t<img decoding=\"async\" src=\"http:\/\/ilgiardinodiballaro.it\/wp-content\/plugins\/elementor\/assets\/images\/placeholder.png\" alt=\"Emily Williams | San Diego\">\n\t\t\t\t\t\t\t\t\t\t\t<\/div>\n\t\t\t\t\t\t\t\t<cite class=\"elementor-testimonial__cite\"><span class=\"elementor-testimonial__name\">Emily Williams | San Diego<\/span><\/cite>\t\t\t<\/div>\n\t\t<\/div>\n\t\t\t\t\t\t\t\t<\/div>\n\t\t\t\t\t\t\t\t\t\t\t<div class=\"swiper-slide\" role=\"group\" aria-roledescription=\"slide\">\n\t\t\t\t\t\t\t\t\t<div class=\"elementor-testimonial\">\n\t\t\t\t\t\t\t<div class=\"elementor-testimonial__content\">\n\t\t\t\t\t<div class=\"elementor-testimonial__text\">\n\t\t\t\t\t\t\u201cUn\u2019oasi di pace nel cuore di Ballar\u00f2\u201d<br\/>\nSono felice di avere scelto per il mio soggiorno a Palermo il B&B \"Il giardino di Ballar\u00f3\"...un'oasi di pace nella caotica quotidianit\u00e0 del quartiere, molto pulito, confortevole e davvero charmant. Oggetti d'arte arredano gli ampi spazi comuni, donando un tocco di originalit\u00e0 e classe. Le camere sono ampie, comode e silenziose...\t\t\t\t\t<\/div>\n\t\t\t\t\t\t\t\t\t<\/div>\n\t\t\t\t\t\t<div class=\"elementor-testimonial__footer\">\n\t\t\t\t\t\t\t\t<cite class=\"elementor-testimonial__cite\"><span class=\"elementor-testimonial__name\">Carla e Paolo | Firenze<\/span><\/cite>\t\t\t<\/div>\n\t\t<\/div>\n\t\t\t\t\t\t\t\t<\/div>\n\t\t\t\t\t\t\t\t\t<\/div>\n\t\t\t\t\t\t\t\t\t\t\t\t\t\t\t\t\t\t\t\t<div class=\"elementor-swiper-button elementor-swiper-button-prev\" role=\"button\" tabindex=\"0\" aria-label=\"Previous\">\n\t\t\t\t\t\t\t<i aria-hidden=\"true\" class=\"eicon-chevron-left\"><\/i>\t\t\t\t\t\t<\/div>\n\t\t\t\t\t\t<div class=\"elementor-swiper-button elementor-swiper-button-next\" role=\"button\" tabindex=\"0\" aria-label=\"Next\">\n\t\t\t\t\t\t\t<i aria-hidden=\"true\" class=\"eicon-chevron-right\"><\/i>\t\t\t\t\t\t<\/div>\n\t\t\t\t\t\t\t\t\t\t\t\t<\/div>\n\t\t\t\t<\/div>\n\t\t\t\t\t\t\t\t<\/div>\n\t\t\t\t<\/div>\n\t\t\t\t\t<\/div>\n\t\t<\/div>\n\t\t\t\t\t<\/div>\n\t\t<\/section>\n\t\t\t\t<\/div>\n\t\t","protected":false},"excerpt":{"rendered":"<p>B&#038;B near Palermo\u2019s central station Il Giardino di Ballar\u00f2 Book directly through our website to use the best available rate B&#038;B near Palermo\u2019s central station If you are on this page, you are almost certainly looking for a b&amp;b in Palermo near the central station. Il Giardino di Ballar\u00f2 is only a few minutes from &#8230; <a title=\"Vicino la Stazione\" class=\"read-more\" href=\"https:\/\/www.ilgiardinodiballaro.it\/en\/bed-and-breakfast-palermo-stazione.html\" aria-label=\"Read more about Vicino la Stazione\">Read more<\/a><\/p>\n","protected":false},"author":1,"featured_media":0,"parent":0,"menu_order":0,"comment_status":"closed","ping_status":"closed","template":"","meta":{"footnotes":""},"class_list":["post-1522","page","type-page","status-publish"],"yoast_head":"<!-- This site is optimized with the Yoast SEO plugin v24.1 - https:\/\/yoast.com\/wordpress\/plugins\/seo\/ -->\n<title>Vicino la Stazione - B&amp;B a Palermo Il Giardino di Ballar\u00f2<\/title>\n<meta name=\"robots\" content=\"index, follow, max-snippet:-1, max-image-preview:large, max-video-preview:-1\" \/>\n<link rel=\"canonical\" href=\"https:\/\/www.ilgiardinodiballaro.it\/en\/bed-and-breakfast-palermo-stazione.html\" \/>\n<meta property=\"og:locale\" content=\"en_US\" \/>\n<meta property=\"og:type\" content=\"article\" \/>\n<meta property=\"og:title\" content=\"Vicino la Stazione - B&amp;B a Palermo Il Giardino di Ballar\u00f2\" \/>\n<meta property=\"og:description\" content=\"B&#038;B near Palermo\u2019s central station Il Giardino di Ballar\u00f2 Book directly through our website to use the best available rate B&#038;B near Palermo\u2019s central station If you are on this page, you are almost certainly looking for a b&amp;b in Palermo near the central station. Il Giardino di Ballar\u00f2 is only a few minutes from ... Read more\" \/>\n<meta property=\"og:url\" content=\"https:\/\/www.ilgiardinodiballaro.it\/en\/bed-and-breakfast-palermo-stazione.html\" \/>\n<meta property=\"og:site_name\" content=\"B&amp;B a Palermo Il Giardino di Ballar\u00f2\" \/>\n<meta property=\"article:modified_time\" content=\"2023-01-10T08:49:28+00:00\" \/>\n<meta property=\"og:image\" content=\"http:\/\/ilgiardinodiballaro.it\/wp-content\/uploads\/2022\/11\/01-vicino-stazione-1920.jpg\" \/>\n<meta name=\"twitter:card\" content=\"summary_large_image\" \/>\n<meta name=\"twitter:label1\" content=\"Est. reading time\" \/>\n\t<meta name=\"twitter:data1\" content=\"3 minutes\" \/>\n<script type=\"application\/ld+json\" class=\"yoast-schema-graph\">{\"@context\":\"https:\/\/schema.org\",\"@graph\":[{\"@type\":\"WebPage\",\"@id\":\"https:\/\/www.ilgiardinodiballaro.it\/en\/bed-and-breakfast-palermo-stazione.html\",\"url\":\"https:\/\/www.ilgiardinodiballaro.it\/en\/bed-and-breakfast-palermo-stazione.html\",\"name\":\"Vicino la Stazione - B&amp;B a Palermo Il Giardino di Ballar\u00f2\",\"isPartOf\":{\"@id\":\"https:\/\/www.ilgiardinodiballaro.it\/#website\"},\"primaryImageOfPage\":{\"@id\":\"https:\/\/www.ilgiardinodiballaro.it\/en\/bed-and-breakfast-palermo-stazione.html#primaryimage\"},\"image\":{\"@id\":\"https:\/\/www.ilgiardinodiballaro.it\/en\/bed-and-breakfast-palermo-stazione.html#primaryimage\"},\"thumbnailUrl\":\"http:\/\/ilgiardinodiballaro.it\/wp-content\/uploads\/2022\/11\/01-vicino-stazione-1920.jpg\",\"datePublished\":\"2022-05-24T08:33:15+00:00\",\"dateModified\":\"2023-01-10T08:49:28+00:00\",\"breadcrumb\":{\"@id\":\"https:\/\/www.ilgiardinodiballaro.it\/en\/bed-and-breakfast-palermo-stazione.html#breadcrumb\"},\"inLanguage\":\"en-US\",\"potentialAction\":[{\"@type\":\"ReadAction\",\"target\":[\"https:\/\/www.ilgiardinodiballaro.it\/en\/bed-and-breakfast-palermo-stazione.html\"]}]},{\"@type\":\"ImageObject\",\"inLanguage\":\"en-US\",\"@id\":\"https:\/\/www.ilgiardinodiballaro.it\/en\/bed-and-breakfast-palermo-stazione.html#primaryimage\",\"url\":\"http:\/\/ilgiardinodiballaro.it\/wp-content\/uploads\/2022\/11\/01-vicino-stazione-1920.jpg\",\"contentUrl\":\"http:\/\/ilgiardinodiballaro.it\/wp-content\/uploads\/2022\/11\/01-vicino-stazione-1920.jpg\"},{\"@type\":\"BreadcrumbList\",\"@id\":\"https:\/\/www.ilgiardinodiballaro.it\/en\/bed-and-breakfast-palermo-stazione.html#breadcrumb\",\"itemListElement\":[{\"@type\":\"ListItem\",\"position\":1,\"name\":\"Home\",\"item\":\"https:\/\/www.ilgiardinodiballaro.it\/en\"},{\"@type\":\"ListItem\",\"position\":2,\"name\":\"Vicino la Stazione\"}]},{\"@type\":\"WebSite\",\"@id\":\"https:\/\/www.ilgiardinodiballaro.it\/#website\",\"url\":\"https:\/\/www.ilgiardinodiballaro.it\/\",\"name\":\"B&B a Palermo Il Giardino di Ballar\u00f2\",\"description\":\"Bed and Breakfast di charme nel centro storico di Palermo\",\"publisher\":{\"@id\":\"https:\/\/www.ilgiardinodiballaro.it\/#organization\"},\"alternateName\":\"Il Giardino di Ballar\u00f2\",\"potentialAction\":[{\"@type\":\"SearchAction\",\"target\":{\"@type\":\"EntryPoint\",\"urlTemplate\":\"https:\/\/www.ilgiardinodiballaro.it\/?s={search_term_string}\"},\"query-input\":{\"@type\":\"PropertyValueSpecification\",\"valueRequired\":true,\"valueName\":\"search_term_string\"}}],\"inLanguage\":\"en-US\"},{\"@type\":\"Organization\",\"@id\":\"https:\/\/www.ilgiardinodiballaro.it\/#organization\",\"name\":\"Il Giardino di Ballar\u00f2 - B&B a Palermo\",\"url\":\"https:\/\/www.ilgiardinodiballaro.it\/\",\"logo\":{\"@type\":\"ImageObject\",\"inLanguage\":\"en-US\",\"@id\":\"https:\/\/www.ilgiardinodiballaro.it\/#\/schema\/logo\/image\/\",\"url\":\"https:\/\/www.ilgiardinodiballaro.it\/wp-content\/uploads\/2022\/05\/logo-bb_il-giardino-di-ballar-footer.png\",\"contentUrl\":\"https:\/\/www.ilgiardinodiballaro.it\/wp-content\/uploads\/2022\/05\/logo-bb_il-giardino-di-ballar-footer.png\",\"width\":800,\"height\":526,\"caption\":\"Il Giardino di Ballar\u00f2 - B&B a Palermo\"},\"image\":{\"@id\":\"https:\/\/www.ilgiardinodiballaro.it\/#\/schema\/logo\/image\/\"}}]}<\/script>\n<!-- \/ Yoast SEO plugin. -->","yoast_head_json":{"title":"Vicino la Stazione - B&amp;B a Palermo Il Giardino di Ballar\u00f2","robots":{"index":"index","follow":"follow","max-snippet":"max-snippet:-1","max-image-preview":"max-image-preview:large","max-video-preview":"max-video-preview:-1"},"canonical":"https:\/\/www.ilgiardinodiballaro.it\/en\/bed-and-breakfast-palermo-stazione.html","og_locale":"en_US","og_type":"article","og_title":"Vicino la Stazione - B&amp;B a Palermo Il Giardino di Ballar\u00f2","og_description":"B&#038;B near Palermo\u2019s central station Il Giardino di Ballar\u00f2 Book directly through our website to use the best available rate B&#038;B near Palermo\u2019s central station If you are on this page, you are almost certainly looking for a b&amp;b in Palermo near the central station. Il Giardino di Ballar\u00f2 is only a few minutes from ... Read more","og_url":"https:\/\/www.ilgiardinodiballaro.it\/en\/bed-and-breakfast-palermo-stazione.html","og_site_name":"B&amp;B a Palermo Il Giardino di Ballar\u00f2","article_modified_time":"2023-01-10T08:49:28+00:00","og_image":[{"url":"http:\/\/ilgiardinodiballaro.it\/wp-content\/uploads\/2022\/11\/01-vicino-stazione-1920.jpg","type":"","width":"","height":""}],"twitter_card":"summary_large_image","twitter_misc":{"Est. reading time":"3 minutes"},"schema":{"@context":"https:\/\/schema.org","@graph":[{"@type":"WebPage","@id":"https:\/\/www.ilgiardinodiballaro.it\/en\/bed-and-breakfast-palermo-stazione.html","url":"https:\/\/www.ilgiardinodiballaro.it\/en\/bed-and-breakfast-palermo-stazione.html","name":"Vicino la Stazione - B&amp;B a Palermo Il Giardino di Ballar\u00f2","isPartOf":{"@id":"https:\/\/www.ilgiardinodiballaro.it\/#website"},"primaryImageOfPage":{"@id":"https:\/\/www.ilgiardinodiballaro.it\/en\/bed-and-breakfast-palermo-stazione.html#primaryimage"},"image":{"@id":"https:\/\/www.ilgiardinodiballaro.it\/en\/bed-and-breakfast-palermo-stazione.html#primaryimage"},"thumbnailUrl":"http:\/\/ilgiardinodiballaro.it\/wp-content\/uploads\/2022\/11\/01-vicino-stazione-1920.jpg","datePublished":"2022-05-24T08:33:15+00:00","dateModified":"2023-01-10T08:49:28+00:00","breadcrumb":{"@id":"https:\/\/www.ilgiardinodiballaro.it\/en\/bed-and-breakfast-palermo-stazione.html#breadcrumb"},"inLanguage":"en-US","potentialAction":[{"@type":"ReadAction","target":["https:\/\/www.ilgiardinodiballaro.it\/en\/bed-and-breakfast-palermo-stazione.html"]}]},{"@type":"ImageObject","inLanguage":"en-US","@id":"https:\/\/www.ilgiardinodiballaro.it\/en\/bed-and-breakfast-palermo-stazione.html#primaryimage","url":"http:\/\/ilgiardinodiballaro.it\/wp-content\/uploads\/2022\/11\/01-vicino-stazione-1920.jpg","contentUrl":"http:\/\/ilgiardinodiballaro.it\/wp-content\/uploads\/2022\/11\/01-vicino-stazione-1920.jpg"},{"@type":"BreadcrumbList","@id":"https:\/\/www.ilgiardinodiballaro.it\/en\/bed-and-breakfast-palermo-stazione.html#breadcrumb","itemListElement":[{"@type":"ListItem","position":1,"name":"Home","item":"https:\/\/www.ilgiardinodiballaro.it\/en"},{"@type":"ListItem","position":2,"name":"Vicino la Stazione"}]},{"@type":"WebSite","@id":"https:\/\/www.ilgiardinodiballaro.it\/#website","url":"https:\/\/www.ilgiardinodiballaro.it\/","name":"B&B a Palermo Il Giardino di Ballar\u00f2","description":"Bed and Breakfast di charme nel centro storico di Palermo","publisher":{"@id":"https:\/\/www.ilgiardinodiballaro.it\/#organization"},"alternateName":"Il Giardino di Ballar\u00f2","potentialAction":[{"@type":"SearchAction","target":{"@type":"EntryPoint","urlTemplate":"https:\/\/www.ilgiardinodiballaro.it\/?s={search_term_string}"},"query-input":{"@type":"PropertyValueSpecification","valueRequired":true,"valueName":"search_term_string"}}],"inLanguage":"en-US"},{"@type":"Organization","@id":"https:\/\/www.ilgiardinodiballaro.it\/#organization","name":"Il Giardino di Ballar\u00f2 - B&B a Palermo","url":"https:\/\/www.ilgiardinodiballaro.it\/","logo":{"@type":"ImageObject","inLanguage":"en-US","@id":"https:\/\/www.ilgiardinodiballaro.it\/#\/schema\/logo\/image\/","url":"https:\/\/www.ilgiardinodiballaro.it\/wp-content\/uploads\/2022\/05\/logo-bb_il-giardino-di-ballar-footer.png","contentUrl":"https:\/\/www.ilgiardinodiballaro.it\/wp-content\/uploads\/2022\/05\/logo-bb_il-giardino-di-ballar-footer.png","width":800,"height":526,"caption":"Il Giardino di Ballar\u00f2 - B&B a Palermo"},"image":{"@id":"https:\/\/www.ilgiardinodiballaro.it\/#\/schema\/logo\/image\/"}}]}},"_links":{"self":[{"href":"https:\/\/www.ilgiardinodiballaro.it\/en\/wp-json\/wp\/v2\/pages\/1522","targetHints":{"allow":["GET"]}}],"collection":[{"href":"https:\/\/www.ilgiardinodiballaro.it\/en\/wp-json\/wp\/v2\/pages"}],"about":[{"href":"https:\/\/www.ilgiardinodiballaro.it\/en\/wp-json\/wp\/v2\/types\/page"}],"author":[{"embeddable":true,"href":"https:\/\/www.ilgiardinodiballaro.it\/en\/wp-json\/wp\/v2\/users\/1"}],"replies":[{"embeddable":true,"href":"https:\/\/www.ilgiardinodiballaro.it\/en\/wp-json\/wp\/v2\/comments?post=1522"}],"version-history":[{"count":5,"href":"https:\/\/www.ilgiardinodiballaro.it\/en\/wp-json\/wp\/v2\/pages\/1522\/revisions"}],"predecessor-version":[{"id":1793,"href":"https:\/\/www.ilgiardinodiballaro.it\/en\/wp-json\/wp\/v2\/pages\/1522\/revisions\/1793"}],"wp:attachment":[{"href":"https:\/\/www.ilgiardinodiballaro.it\/en\/wp-json\/wp\/v2\/media?parent=1522"}],"curies":[{"name":"wp","href":"https:\/\/api.w.org\/{rel}","templated":true}]}}