{"id":1513,"date":"2022-05-24T08:33:51","date_gmt":"2022-05-24T08:33:51","guid":{"rendered":"http:\/\/ilgiardinodiballaro.it\/bed-and-breakfast-palermo-vicino-universita.html"},"modified":"2022-11-25T09:31:26","modified_gmt":"2022-11-25T09:31:26","slug":"bed-and-breakfast-palermo-vicino-universita","status":"publish","type":"page","link":"https:\/\/www.ilgiardinodiballaro.it\/en\/bed-and-breakfast-palermo-vicino-universita.html","title":{"rendered":"Vicino l&#8217;Universit\u00e0"},"content":{"rendered":"\t\t<div data-elementor-type=\"wp-page\" data-elementor-id=\"1513\" class=\"elementor elementor-1513 elementor-52\" data-elementor-post-type=\"page\">\n\t\t\t\t\t\t<section class=\"elementor-section elementor-top-section elementor-element elementor-element-6b04e07a elementor-section-boxed elementor-section-height-default elementor-section-height-default\" data-id=\"6b04e07a\" data-element_type=\"section\" data-settings=\"{&quot;background_background&quot;:&quot;classic&quot;}\">\n\t\t\t\t\t\t<div class=\"elementor-container elementor-column-gap-default\">\n\t\t\t\t\t<div class=\"elementor-column elementor-col-100 elementor-top-column elementor-element elementor-element-639fe371\" data-id=\"639fe371\" data-element_type=\"column\">\n\t\t\t<div class=\"elementor-widget-wrap elementor-element-populated\">\n\t\t\t\t\t\t<div class=\"elementor-element elementor-element-2ea5373b elementor-widget elementor-widget-heading\" data-id=\"2ea5373b\" data-element_type=\"widget\" data-widget_type=\"heading.default\">\n\t\t\t\t<div class=\"elementor-widget-container\">\n\t\t\t\t\t<h1 class=\"elementor-heading-title elementor-size-default\">B&amp;B near Palermo\u2019s university <br \/> Il Giardino di Ballar\u00f2<\/h1>\t\t\t\t<\/div>\n\t\t\t\t<\/div>\n\t\t\t\t\t<\/div>\n\t\t<\/div>\n\t\t\t\t\t<\/div>\n\t\t<\/section>\n\t\t\t\t<section class=\"elementor-section elementor-top-section elementor-element elementor-element-7ea8d91d elementor-section-boxed elementor-section-height-default elementor-section-height-default\" data-id=\"7ea8d91d\" data-element_type=\"section\">\n\t\t\t\t\t\t<div class=\"elementor-container elementor-column-gap-default\">\n\t\t\t\t\t<div class=\"elementor-column elementor-col-100 elementor-top-column elementor-element elementor-element-6ba4115f\" data-id=\"6ba4115f\" data-element_type=\"column\">\n\t\t\t<div class=\"elementor-widget-wrap elementor-element-populated\">\n\t\t\t\t\t\t<div class=\"elementor-element elementor-element-3a74863c elementor-widget elementor-widget-heading\" data-id=\"3a74863c\" data-element_type=\"widget\" data-widget_type=\"heading.default\">\n\t\t\t\t<div class=\"elementor-widget-container\">\n\t\t\t\t\t<h2 class=\"elementor-heading-title elementor-size-default\">Book directly through our website to use the best available rate<\/h2>\t\t\t\t<\/div>\n\t\t\t\t<\/div>\n\t\t\t\t\t<\/div>\n\t\t<\/div>\n\t\t\t\t\t<\/div>\n\t\t<\/section>\n\t\t\t\t<section class=\"elementor-section elementor-top-section elementor-element elementor-element-2c6c4116 elementor-section-boxed elementor-section-height-default elementor-section-height-default\" data-id=\"2c6c4116\" data-element_type=\"section\">\n\t\t\t\t\t\t<div class=\"elementor-container elementor-column-gap-default\">\n\t\t\t\t\t<div class=\"elementor-column elementor-col-100 elementor-top-column elementor-element elementor-element-3fd57fae\" data-id=\"3fd57fae\" data-element_type=\"column\">\n\t\t\t<div class=\"elementor-widget-wrap elementor-element-populated\">\n\t\t\t\t\t\t<div class=\"elementor-element elementor-element-27757ae2 elementor-widget elementor-widget-html\" data-id=\"27757ae2\" data-element_type=\"widget\" data-widget_type=\"html.default\">\n\t\t\t\t<div class=\"elementor-widget-container\">\n\t\t\t\t\t<div id=\"my_bbar\"> <\/div>\t\t\t\t<\/div>\n\t\t\t\t<\/div>\n\t\t\t\t\t<\/div>\n\t\t<\/div>\n\t\t\t\t\t<\/div>\n\t\t<\/section>\n\t\t\t\t<section class=\"elementor-section elementor-top-section elementor-element elementor-element-730ebfaa elementor-section-full_width elementor-section-height-default elementor-section-height-default\" data-id=\"730ebfaa\" data-element_type=\"section\">\n\t\t\t\t\t\t<div class=\"elementor-container elementor-column-gap-default\">\n\t\t\t\t\t<div class=\"elementor-column elementor-col-100 elementor-top-column elementor-element elementor-element-50c52713\" data-id=\"50c52713\" data-element_type=\"column\">\n\t\t\t<div class=\"elementor-widget-wrap elementor-element-populated\">\n\t\t\t\t\t\t<div class=\"elementor-element elementor-element-4e2e373f elementor-widget elementor-widget-image\" data-id=\"4e2e373f\" data-element_type=\"widget\" data-widget_type=\"image.default\">\n\t\t\t\t<div class=\"elementor-widget-container\">\n\t\t\t\t\t\t\t\t\t\t\t\t\t\t\t<img fetchpriority=\"high\" decoding=\"async\" width=\"1920\" height=\"983\" src=\"https:\/\/www.ilgiardinodiballaro.it\/wp-content\/uploads\/2022\/11\/01-vicino-universita-1920.jpg\" class=\"attachment-full size-full wp-image-1547\" alt=\"\" srcset=\"https:\/\/www.ilgiardinodiballaro.it\/wp-content\/uploads\/2022\/11\/01-vicino-universita-1920.jpg 1920w, https:\/\/www.ilgiardinodiballaro.it\/wp-content\/uploads\/2022\/11\/01-vicino-universita-1920-300x154.jpg 300w, https:\/\/www.ilgiardinodiballaro.it\/wp-content\/uploads\/2022\/11\/01-vicino-universita-1920-1024x524.jpg 1024w, https:\/\/www.ilgiardinodiballaro.it\/wp-content\/uploads\/2022\/11\/01-vicino-universita-1920-768x393.jpg 768w, https:\/\/www.ilgiardinodiballaro.it\/wp-content\/uploads\/2022\/11\/01-vicino-universita-1920-1536x786.jpg 1536w\" sizes=\"(max-width: 1920px) 100vw, 1920px\" \/>\t\t\t\t\t\t\t\t\t\t\t\t\t\t\t<\/div>\n\t\t\t\t<\/div>\n\t\t\t\t\t<\/div>\n\t\t<\/div>\n\t\t\t\t\t<\/div>\n\t\t<\/section>\n\t\t\t\t<section class=\"elementor-section elementor-top-section elementor-element elementor-element-52c9c21 elementor-section-boxed elementor-section-height-default elementor-section-height-default\" data-id=\"52c9c21\" data-element_type=\"section\">\n\t\t\t\t\t\t<div class=\"elementor-container elementor-column-gap-default\">\n\t\t\t\t\t<div class=\"elementor-column elementor-col-100 elementor-top-column elementor-element elementor-element-e3ae978\" data-id=\"e3ae978\" data-element_type=\"column\">\n\t\t\t<div class=\"elementor-widget-wrap elementor-element-populated\">\n\t\t\t\t\t\t<div class=\"elementor-element elementor-element-1eb38719 elementor-widget elementor-widget-heading\" data-id=\"1eb38719\" data-element_type=\"widget\" data-widget_type=\"heading.default\">\n\t\t\t\t<div class=\"elementor-widget-container\">\n\t\t\t\t\t<h2 class=\"elementor-heading-title elementor-size-default\">B&amp;B near Palermo\u2019s university<\/h2>\t\t\t\t<\/div>\n\t\t\t\t<\/div>\n\t\t\t\t<div class=\"elementor-element elementor-element-22582751 elementor-widget elementor-widget-text-editor\" data-id=\"22582751\" data-element_type=\"widget\" data-widget_type=\"text-editor.default\">\n\t\t\t\t<div class=\"elementor-widget-container\">\n\t\t\t\t\t\t\t\t\t<p>Il Giardino di Ballar\u00f2 is a great option if you are a student or a teacher looking for a b&amp;b in Palermo in the university area. The university citadel is just a 10 minute walk away. There are also numerous detached departments, most of which are located in the historic center; even in this case, the departments are within walking distance from the bed and breakfast.<\/p><p>On Viale delle Scienze are located the faculties of Agriculture, Engineering, Humanities, Economics, Architecture, Physics and Education Sciences. The university citadel is located partly within the park of Villa d&#8217;Orl\u00e9ans, home of the Presidency of the Sicilian Region, arranged as a garden with a small zoological area and open to the public with an entrance on Via Re Ruggero.<\/p><p>A B&amp;B in Palermo near the university is an excellent solution if you have decided to move on foot or by public transport. Our facility also benefits from a close location to the main meeting places for young people, so you can also experience the exciting and colorful Palermo nightlife at its best.<\/p>\t\t\t\t\t\t\t\t<\/div>\n\t\t\t\t<\/div>\n\t\t\t\t\t<\/div>\n\t\t<\/div>\n\t\t\t\t\t<\/div>\n\t\t<\/section>\n\t\t\t\t<section class=\"elementor-section elementor-top-section elementor-element elementor-element-50de826a elementor-section-boxed elementor-section-height-default elementor-section-height-default\" data-id=\"50de826a\" data-element_type=\"section\" data-settings=\"{&quot;background_background&quot;:&quot;classic&quot;}\">\n\t\t\t\t\t\t<div class=\"elementor-container elementor-column-gap-default\">\n\t\t\t\t\t<div class=\"elementor-column elementor-col-100 elementor-top-column elementor-element elementor-element-68b7d09a\" data-id=\"68b7d09a\" data-element_type=\"column\">\n\t\t\t<div class=\"elementor-widget-wrap elementor-element-populated\">\n\t\t\t\t\t\t<div class=\"elementor-element elementor-element-3dcbfc2d elementor-widget elementor-widget-heading\" data-id=\"3dcbfc2d\" data-element_type=\"widget\" data-widget_type=\"heading.default\">\n\t\t\t\t<div class=\"elementor-widget-container\">\n\t\t\t\t\t<h2 class=\"elementor-heading-title elementor-size-default\">Le recensioni degli ospiti<\/h2>\t\t\t\t<\/div>\n\t\t\t\t<\/div>\n\t\t\t\t<div class=\"elementor-element elementor-element-7f072c97 elementor-testimonial--align-left elementor-testimonial--skin-default elementor-testimonial--layout-image_inline elementor-arrows-yes elementor-widget elementor-widget-testimonial-carousel\" data-id=\"7f072c97\" data-element_type=\"widget\" data-settings=\"{&quot;slides_per_view&quot;:&quot;1&quot;,&quot;slides_to_scroll&quot;:&quot;1&quot;,&quot;show_arrows&quot;:&quot;yes&quot;,&quot;speed&quot;:500,&quot;autoplay&quot;:&quot;yes&quot;,&quot;autoplay_speed&quot;:5000,&quot;loop&quot;:&quot;yes&quot;,&quot;pause_on_hover&quot;:&quot;yes&quot;,&quot;pause_on_interaction&quot;:&quot;yes&quot;,&quot;space_between&quot;:{&quot;unit&quot;:&quot;px&quot;,&quot;size&quot;:10,&quot;sizes&quot;:[]},&quot;space_between_tablet&quot;:{&quot;unit&quot;:&quot;px&quot;,&quot;size&quot;:10,&quot;sizes&quot;:[]},&quot;space_between_mobile&quot;:{&quot;unit&quot;:&quot;px&quot;,&quot;size&quot;:10,&quot;sizes&quot;:[]}}\" data-widget_type=\"testimonial-carousel.default\">\n\t\t\t\t<div class=\"elementor-widget-container\">\n\t\t\t\t\t\t\t\t\t<div class=\"elementor-swiper\">\n\t\t\t\t\t<div class=\"elementor-main-swiper swiper\" role=\"region\" aria-roledescription=\"carousel\" aria-label=\"Slides\">\n\t\t\t\t<div class=\"swiper-wrapper\">\n\t\t\t\t\t\t\t\t\t\t\t<div class=\"swiper-slide\" role=\"group\" aria-roledescription=\"slide\">\n\t\t\t\t\t\t\t\t\t<div class=\"elementor-testimonial\">\n\t\t\t\t\t\t\t<div class=\"elementor-testimonial__content\">\n\t\t\t\t\t<div class=\"elementor-testimonial__text\">\n\t\t\t\t\t\t\"Se vuoi vivere Palermo\"<br\/>\nPer raggiungere la struttura passi dal mercato, dai ritrovi di una Palermo vera colorata, chiassosa, dei panni stesi e delle urla delle mamme ma apri un portone ed entri in una Palermo signorile e accogliente. La volta in tufo seicentesca introduce in un ambiente accogliente ricco di divani e mobili di antiquariato ricavati dal vecchio forno di cui sono visibili alcune tracce...\t\t\t\t\t<\/div>\n\t\t\t\t\t\t\t\t\t<\/div>\n\t\t\t\t\t\t<div class=\"elementor-testimonial__footer\">\n\t\t\t\t\t\t\t\t\t<div class=\"elementor-testimonial__image\">\n\t\t\t\t\t\t<img decoding=\"async\" src=\"http:\/\/ilgiardinodiballaro.it\/wp-content\/plugins\/elementor\/assets\/images\/placeholder.png\" alt=\"Maurizio P. | Como\">\n\t\t\t\t\t\t\t\t\t\t\t<\/div>\n\t\t\t\t\t\t\t\t<cite class=\"elementor-testimonial__cite\"><span class=\"elementor-testimonial__name\">Maurizio P. | Como<\/span><\/cite>\t\t\t<\/div>\n\t\t<\/div>\n\t\t\t\t\t\t\t\t<\/div>\n\t\t\t\t\t\t\t\t\t\t\t<div class=\"swiper-slide\" role=\"group\" aria-roledescription=\"slide\">\n\t\t\t\t\t\t\t\t\t<div class=\"elementor-testimonial\">\n\t\t\t\t\t\t\t<div class=\"elementor-testimonial__content\">\n\t\t\t\t\t<div class=\"elementor-testimonial__text\">\n\t\t\t\t\t\t\u201cSe vuoi capire Palermo, questo \u00e8 il punto di partenza\u201d<br\/>\nE' un hotel nuovo e di quel mimimal chic siciliano che fa star bene, con un piccolo ma bel giardino, delle camere molto confortevoli e una eccellente colazione. Ma il bello \u00e8 che appena mettete piede fuori dall'hotel siete a Ballar\u00f2, cio\u00e8 il quartiere pi\u00f9 nero, confusionario, quasi allucinante e quindi divertentissimo della citt\u00e0...\t\t\t\t\t<\/div>\n\t\t\t\t\t\t\t\t\t<\/div>\n\t\t\t\t\t\t<div class=\"elementor-testimonial__footer\">\n\t\t\t\t\t\t\t\t\t<div class=\"elementor-testimonial__image\">\n\t\t\t\t\t\t<img decoding=\"async\" src=\"http:\/\/ilgiardinodiballaro.it\/wp-content\/plugins\/elementor\/assets\/images\/placeholder.png\" alt=\"Francine H\u00f6nerth | Giethoorn\">\n\t\t\t\t\t\t\t\t\t\t\t<\/div>\n\t\t\t\t\t\t\t\t<cite class=\"elementor-testimonial__cite\"><span class=\"elementor-testimonial__name\">Francine H\u00f6nerth | Giethoorn<\/span><\/cite>\t\t\t<\/div>\n\t\t<\/div>\n\t\t\t\t\t\t\t\t<\/div>\n\t\t\t\t\t\t\t\t\t\t\t<div class=\"swiper-slide\" role=\"group\" aria-roledescription=\"slide\">\n\t\t\t\t\t\t\t\t\t<div class=\"elementor-testimonial\">\n\t\t\t\t\t\t\t<div class=\"elementor-testimonial__content\">\n\t\t\t\t\t<div class=\"elementor-testimonial__text\">\n\t\t\t\t\t\t\u201cUna perla nel mercato\u201d<br\/>\nA pochi metri dal mercato di Ballar\u00f2, in pieno centro, c'\u00e8 questo bellissimo b&b. Siamo stati accolti con sorriso dal personale che gestisce questa magnifica struttura. Appena arrivati ci hanno regalato una mappa di Palermo e ci hanno dato degli ottimi consigli. Quartiere vivo come solo nella zona di mercati ( di tutto il mondo ) lo \u00e8. Le stanze sono arredate con gran gusto. ottima clientela...\t\t\t\t\t<\/div>\n\t\t\t\t\t\t\t\t\t<\/div>\n\t\t\t\t\t\t<div class=\"elementor-testimonial__footer\">\n\t\t\t\t\t\t\t\t\t<div class=\"elementor-testimonial__image\">\n\t\t\t\t\t\t<img decoding=\"async\" src=\"http:\/\/ilgiardinodiballaro.it\/wp-content\/plugins\/elementor\/assets\/images\/placeholder.png\" alt=\"Emily Williams | San Diego\">\n\t\t\t\t\t\t\t\t\t\t\t<\/div>\n\t\t\t\t\t\t\t\t<cite class=\"elementor-testimonial__cite\"><span class=\"elementor-testimonial__name\">Emily Williams | San Diego<\/span><\/cite>\t\t\t<\/div>\n\t\t<\/div>\n\t\t\t\t\t\t\t\t<\/div>\n\t\t\t\t\t\t\t\t\t\t\t<div class=\"swiper-slide\" role=\"group\" aria-roledescription=\"slide\">\n\t\t\t\t\t\t\t\t\t<div class=\"elementor-testimonial\">\n\t\t\t\t\t\t\t<div class=\"elementor-testimonial__content\">\n\t\t\t\t\t<div class=\"elementor-testimonial__text\">\n\t\t\t\t\t\t\u201cUn\u2019oasi di pace nel cuore di Ballar\u00f2\u201d<br\/>\nSono felice di avere scelto per il mio soggiorno a Palermo il B&B \"Il giardino di Ballar\u00f3\"...un'oasi di pace nella caotica quotidianit\u00e0 del quartiere, molto pulito, confortevole e davvero charmant. Oggetti d'arte arredano gli ampi spazi comuni, donando un tocco di originalit\u00e0 e classe. Le camere sono ampie, comode e silenziose...\t\t\t\t\t<\/div>\n\t\t\t\t\t\t\t\t\t<\/div>\n\t\t\t\t\t\t<div class=\"elementor-testimonial__footer\">\n\t\t\t\t\t\t\t\t<cite class=\"elementor-testimonial__cite\"><span class=\"elementor-testimonial__name\">Carla e Paolo | Firenze<\/span><\/cite>\t\t\t<\/div>\n\t\t<\/div>\n\t\t\t\t\t\t\t\t<\/div>\n\t\t\t\t\t\t\t\t\t<\/div>\n\t\t\t\t\t\t\t\t\t\t\t\t\t\t\t\t\t\t\t\t<div class=\"elementor-swiper-button elementor-swiper-button-prev\" role=\"button\" tabindex=\"0\" aria-label=\"Previous\">\n\t\t\t\t\t\t\t<i aria-hidden=\"true\" class=\"eicon-chevron-left\"><\/i>\t\t\t\t\t\t<\/div>\n\t\t\t\t\t\t<div class=\"elementor-swiper-button elementor-swiper-button-next\" role=\"button\" tabindex=\"0\" aria-label=\"Next\">\n\t\t\t\t\t\t\t<i aria-hidden=\"true\" class=\"eicon-chevron-right\"><\/i>\t\t\t\t\t\t<\/div>\n\t\t\t\t\t\t\t\t\t\t\t\t<\/div>\n\t\t\t\t<\/div>\n\t\t\t\t\t\t\t\t<\/div>\n\t\t\t\t<\/div>\n\t\t\t\t\t<\/div>\n\t\t<\/div>\n\t\t\t\t\t<\/div>\n\t\t<\/section>\n\t\t\t\t<\/div>\n\t\t","protected":false},"excerpt":{"rendered":"<p>B&#038;B near Palermo\u2019s university Il Giardino di Ballar\u00f2 Book directly through our website to use the best available rate B&#038;B near Palermo\u2019s university Il Giardino di Ballar\u00f2 is a great option if you are a student or a teacher looking for a b&amp;b in Palermo in the university area. The university citadel is just a &#8230; <a title=\"Vicino l&#8217;Universit\u00e0\" class=\"read-more\" href=\"https:\/\/www.ilgiardinodiballaro.it\/en\/bed-and-breakfast-palermo-vicino-universita.html\" aria-label=\"Read more about Vicino l&#8217;Universit\u00e0\">Read more<\/a><\/p>\n","protected":false},"author":1,"featured_media":0,"parent":0,"menu_order":0,"comment_status":"closed","ping_status":"closed","template":"","meta":{"footnotes":""},"class_list":["post-1513","page","type-page","status-publish"],"yoast_head":"<!-- This site is optimized with the Yoast SEO plugin v24.1 - https:\/\/yoast.com\/wordpress\/plugins\/seo\/ -->\n<title>Vicino l&#039;Universit\u00e0 - B&amp;B a Palermo Il Giardino di Ballar\u00f2<\/title>\n<meta name=\"robots\" content=\"index, follow, max-snippet:-1, max-image-preview:large, max-video-preview:-1\" \/>\n<link rel=\"canonical\" href=\"https:\/\/www.ilgiardinodiballaro.it\/en\/bed-and-breakfast-palermo-vicino-universita.html\" \/>\n<meta property=\"og:locale\" content=\"en_US\" \/>\n<meta property=\"og:type\" content=\"article\" \/>\n<meta property=\"og:title\" content=\"Vicino l&#039;Universit\u00e0 - B&amp;B a Palermo Il Giardino di Ballar\u00f2\" \/>\n<meta property=\"og:description\" content=\"B&#038;B near Palermo\u2019s university Il Giardino di Ballar\u00f2 Book directly through our website to use the best available rate B&#038;B near Palermo\u2019s university Il Giardino di Ballar\u00f2 is a great option if you are a student or a teacher looking for a b&amp;b in Palermo in the university area. The university citadel is just a ... Read more\" \/>\n<meta property=\"og:url\" content=\"https:\/\/www.ilgiardinodiballaro.it\/en\/bed-and-breakfast-palermo-vicino-universita.html\" \/>\n<meta property=\"og:site_name\" content=\"B&amp;B a Palermo Il Giardino di Ballar\u00f2\" \/>\n<meta property=\"article:modified_time\" content=\"2022-11-25T09:31:26+00:00\" \/>\n<meta property=\"og:image\" content=\"http:\/\/ilgiardinodiballaro.it\/wp-content\/uploads\/2022\/11\/01-vicino-universita-1920.jpg\" \/>\n<meta name=\"twitter:card\" content=\"summary_large_image\" \/>\n<meta name=\"twitter:label1\" content=\"Est. reading time\" \/>\n\t<meta name=\"twitter:data1\" content=\"2 minutes\" \/>\n<script type=\"application\/ld+json\" class=\"yoast-schema-graph\">{\"@context\":\"https:\/\/schema.org\",\"@graph\":[{\"@type\":\"WebPage\",\"@id\":\"https:\/\/www.ilgiardinodiballaro.it\/en\/bed-and-breakfast-palermo-vicino-universita.html\",\"url\":\"https:\/\/www.ilgiardinodiballaro.it\/en\/bed-and-breakfast-palermo-vicino-universita.html\",\"name\":\"Vicino l'Universit\u00e0 - B&amp;B a Palermo Il Giardino di Ballar\u00f2\",\"isPartOf\":{\"@id\":\"https:\/\/www.ilgiardinodiballaro.it\/#website\"},\"primaryImageOfPage\":{\"@id\":\"https:\/\/www.ilgiardinodiballaro.it\/en\/bed-and-breakfast-palermo-vicino-universita.html#primaryimage\"},\"image\":{\"@id\":\"https:\/\/www.ilgiardinodiballaro.it\/en\/bed-and-breakfast-palermo-vicino-universita.html#primaryimage\"},\"thumbnailUrl\":\"http:\/\/ilgiardinodiballaro.it\/wp-content\/uploads\/2022\/11\/01-vicino-universita-1920.jpg\",\"datePublished\":\"2022-05-24T08:33:51+00:00\",\"dateModified\":\"2022-11-25T09:31:26+00:00\",\"breadcrumb\":{\"@id\":\"https:\/\/www.ilgiardinodiballaro.it\/en\/bed-and-breakfast-palermo-vicino-universita.html#breadcrumb\"},\"inLanguage\":\"en-US\",\"potentialAction\":[{\"@type\":\"ReadAction\",\"target\":[\"https:\/\/www.ilgiardinodiballaro.it\/en\/bed-and-breakfast-palermo-vicino-universita.html\"]}]},{\"@type\":\"ImageObject\",\"inLanguage\":\"en-US\",\"@id\":\"https:\/\/www.ilgiardinodiballaro.it\/en\/bed-and-breakfast-palermo-vicino-universita.html#primaryimage\",\"url\":\"http:\/\/ilgiardinodiballaro.it\/wp-content\/uploads\/2022\/11\/01-vicino-universita-1920.jpg\",\"contentUrl\":\"http:\/\/ilgiardinodiballaro.it\/wp-content\/uploads\/2022\/11\/01-vicino-universita-1920.jpg\"},{\"@type\":\"BreadcrumbList\",\"@id\":\"https:\/\/www.ilgiardinodiballaro.it\/en\/bed-and-breakfast-palermo-vicino-universita.html#breadcrumb\",\"itemListElement\":[{\"@type\":\"ListItem\",\"position\":1,\"name\":\"Home\",\"item\":\"https:\/\/www.ilgiardinodiballaro.it\/en\"},{\"@type\":\"ListItem\",\"position\":2,\"name\":\"Vicino l&#8217;Universit\u00e0\"}]},{\"@type\":\"WebSite\",\"@id\":\"https:\/\/www.ilgiardinodiballaro.it\/#website\",\"url\":\"https:\/\/www.ilgiardinodiballaro.it\/\",\"name\":\"B&B a Palermo Il Giardino di Ballar\u00f2\",\"description\":\"Bed and Breakfast di charme nel centro storico di Palermo\",\"publisher\":{\"@id\":\"https:\/\/www.ilgiardinodiballaro.it\/#organization\"},\"alternateName\":\"Il Giardino di Ballar\u00f2\",\"potentialAction\":[{\"@type\":\"SearchAction\",\"target\":{\"@type\":\"EntryPoint\",\"urlTemplate\":\"https:\/\/www.ilgiardinodiballaro.it\/?s={search_term_string}\"},\"query-input\":{\"@type\":\"PropertyValueSpecification\",\"valueRequired\":true,\"valueName\":\"search_term_string\"}}],\"inLanguage\":\"en-US\"},{\"@type\":\"Organization\",\"@id\":\"https:\/\/www.ilgiardinodiballaro.it\/#organization\",\"name\":\"Il Giardino di Ballar\u00f2 - B&B a Palermo\",\"url\":\"https:\/\/www.ilgiardinodiballaro.it\/\",\"logo\":{\"@type\":\"ImageObject\",\"inLanguage\":\"en-US\",\"@id\":\"https:\/\/www.ilgiardinodiballaro.it\/#\/schema\/logo\/image\/\",\"url\":\"https:\/\/www.ilgiardinodiballaro.it\/wp-content\/uploads\/2022\/05\/logo-bb_il-giardino-di-ballar-footer.png\",\"contentUrl\":\"https:\/\/www.ilgiardinodiballaro.it\/wp-content\/uploads\/2022\/05\/logo-bb_il-giardino-di-ballar-footer.png\",\"width\":800,\"height\":526,\"caption\":\"Il Giardino di Ballar\u00f2 - B&B a Palermo\"},\"image\":{\"@id\":\"https:\/\/www.ilgiardinodiballaro.it\/#\/schema\/logo\/image\/\"}}]}<\/script>\n<!-- \/ Yoast SEO plugin. -->","yoast_head_json":{"title":"Vicino l'Universit\u00e0 - B&amp;B a Palermo Il Giardino di Ballar\u00f2","robots":{"index":"index","follow":"follow","max-snippet":"max-snippet:-1","max-image-preview":"max-image-preview:large","max-video-preview":"max-video-preview:-1"},"canonical":"https:\/\/www.ilgiardinodiballaro.it\/en\/bed-and-breakfast-palermo-vicino-universita.html","og_locale":"en_US","og_type":"article","og_title":"Vicino l'Universit\u00e0 - B&amp;B a Palermo Il Giardino di Ballar\u00f2","og_description":"B&#038;B near Palermo\u2019s university Il Giardino di Ballar\u00f2 Book directly through our website to use the best available rate B&#038;B near Palermo\u2019s university Il Giardino di Ballar\u00f2 is a great option if you are a student or a teacher looking for a b&amp;b in Palermo in the university area. The university citadel is just a ... Read more","og_url":"https:\/\/www.ilgiardinodiballaro.it\/en\/bed-and-breakfast-palermo-vicino-universita.html","og_site_name":"B&amp;B a Palermo Il Giardino di Ballar\u00f2","article_modified_time":"2022-11-25T09:31:26+00:00","og_image":[{"url":"http:\/\/ilgiardinodiballaro.it\/wp-content\/uploads\/2022\/11\/01-vicino-universita-1920.jpg","type":"","width":"","height":""}],"twitter_card":"summary_large_image","twitter_misc":{"Est. reading time":"2 minutes"},"schema":{"@context":"https:\/\/schema.org","@graph":[{"@type":"WebPage","@id":"https:\/\/www.ilgiardinodiballaro.it\/en\/bed-and-breakfast-palermo-vicino-universita.html","url":"https:\/\/www.ilgiardinodiballaro.it\/en\/bed-and-breakfast-palermo-vicino-universita.html","name":"Vicino l'Universit\u00e0 - B&amp;B a Palermo Il Giardino di Ballar\u00f2","isPartOf":{"@id":"https:\/\/www.ilgiardinodiballaro.it\/#website"},"primaryImageOfPage":{"@id":"https:\/\/www.ilgiardinodiballaro.it\/en\/bed-and-breakfast-palermo-vicino-universita.html#primaryimage"},"image":{"@id":"https:\/\/www.ilgiardinodiballaro.it\/en\/bed-and-breakfast-palermo-vicino-universita.html#primaryimage"},"thumbnailUrl":"http:\/\/ilgiardinodiballaro.it\/wp-content\/uploads\/2022\/11\/01-vicino-universita-1920.jpg","datePublished":"2022-05-24T08:33:51+00:00","dateModified":"2022-11-25T09:31:26+00:00","breadcrumb":{"@id":"https:\/\/www.ilgiardinodiballaro.it\/en\/bed-and-breakfast-palermo-vicino-universita.html#breadcrumb"},"inLanguage":"en-US","potentialAction":[{"@type":"ReadAction","target":["https:\/\/www.ilgiardinodiballaro.it\/en\/bed-and-breakfast-palermo-vicino-universita.html"]}]},{"@type":"ImageObject","inLanguage":"en-US","@id":"https:\/\/www.ilgiardinodiballaro.it\/en\/bed-and-breakfast-palermo-vicino-universita.html#primaryimage","url":"http:\/\/ilgiardinodiballaro.it\/wp-content\/uploads\/2022\/11\/01-vicino-universita-1920.jpg","contentUrl":"http:\/\/ilgiardinodiballaro.it\/wp-content\/uploads\/2022\/11\/01-vicino-universita-1920.jpg"},{"@type":"BreadcrumbList","@id":"https:\/\/www.ilgiardinodiballaro.it\/en\/bed-and-breakfast-palermo-vicino-universita.html#breadcrumb","itemListElement":[{"@type":"ListItem","position":1,"name":"Home","item":"https:\/\/www.ilgiardinodiballaro.it\/en"},{"@type":"ListItem","position":2,"name":"Vicino l&#8217;Universit\u00e0"}]},{"@type":"WebSite","@id":"https:\/\/www.ilgiardinodiballaro.it\/#website","url":"https:\/\/www.ilgiardinodiballaro.it\/","name":"B&B a Palermo Il Giardino di Ballar\u00f2","description":"Bed and Breakfast di charme nel centro storico di Palermo","publisher":{"@id":"https:\/\/www.ilgiardinodiballaro.it\/#organization"},"alternateName":"Il Giardino di Ballar\u00f2","potentialAction":[{"@type":"SearchAction","target":{"@type":"EntryPoint","urlTemplate":"https:\/\/www.ilgiardinodiballaro.it\/?s={search_term_string}"},"query-input":{"@type":"PropertyValueSpecification","valueRequired":true,"valueName":"search_term_string"}}],"inLanguage":"en-US"},{"@type":"Organization","@id":"https:\/\/www.ilgiardinodiballaro.it\/#organization","name":"Il Giardino di Ballar\u00f2 - B&B a Palermo","url":"https:\/\/www.ilgiardinodiballaro.it\/","logo":{"@type":"ImageObject","inLanguage":"en-US","@id":"https:\/\/www.ilgiardinodiballaro.it\/#\/schema\/logo\/image\/","url":"https:\/\/www.ilgiardinodiballaro.it\/wp-content\/uploads\/2022\/05\/logo-bb_il-giardino-di-ballar-footer.png","contentUrl":"https:\/\/www.ilgiardinodiballaro.it\/wp-content\/uploads\/2022\/05\/logo-bb_il-giardino-di-ballar-footer.png","width":800,"height":526,"caption":"Il Giardino di Ballar\u00f2 - B&B a Palermo"},"image":{"@id":"https:\/\/www.ilgiardinodiballaro.it\/#\/schema\/logo\/image\/"}}]}},"_links":{"self":[{"href":"https:\/\/www.ilgiardinodiballaro.it\/en\/wp-json\/wp\/v2\/pages\/1513","targetHints":{"allow":["GET"]}}],"collection":[{"href":"https:\/\/www.ilgiardinodiballaro.it\/en\/wp-json\/wp\/v2\/pages"}],"about":[{"href":"https:\/\/www.ilgiardinodiballaro.it\/en\/wp-json\/wp\/v2\/types\/page"}],"author":[{"embeddable":true,"href":"https:\/\/www.ilgiardinodiballaro.it\/en\/wp-json\/wp\/v2\/users\/1"}],"replies":[{"embeddable":true,"href":"https:\/\/www.ilgiardinodiballaro.it\/en\/wp-json\/wp\/v2\/comments?post=1513"}],"version-history":[{"count":5,"href":"https:\/\/www.ilgiardinodiballaro.it\/en\/wp-json\/wp\/v2\/pages\/1513\/revisions"}],"predecessor-version":[{"id":1565,"href":"https:\/\/www.ilgiardinodiballaro.it\/en\/wp-json\/wp\/v2\/pages\/1513\/revisions\/1565"}],"wp:attachment":[{"href":"https:\/\/www.ilgiardinodiballaro.it\/en\/wp-json\/wp\/v2\/media?parent=1513"}],"curies":[{"name":"wp","href":"https:\/\/api.w.org\/{rel}","templated":true}]}}